{"id":594,"date":"2023-07-10T11:35:41","date_gmt":"2023-07-10T09:35:41","guid":{"rendered":"https:\/\/dianasocaciu.com\/chi-sono\/"},"modified":"2023-11-28T12:03:52","modified_gmt":"2023-11-28T11:03:52","slug":"cine-sunt-eu","status":"publish","type":"page","link":"https:\/\/dianasocaciu.com\/ro\/cine-sunt-eu\/","title":{"rendered":"CINE SUNT EU!"},"content":{"rendered":"\t\t<div data-elementor-type=\"wp-page\" data-elementor-id=\"594\" class=\"elementor elementor-594 elementor-236\" data-elementor-post-type=\"page\">\n\t\t\t\t<div class=\"elementor-element elementor-element-61d62f8 e-flex e-con-boxed e-con e-parent\" data-id=\"61d62f8\" data-element_type=\"container\" data-e-type=\"container\">\n\t\t\t\t\t<div class=\"e-con-inner\">\n\t\t\t\t<div class=\"elementor-element elementor-element-1f9cb96 elementor-widget elementor-widget-text-editor\" data-id=\"1f9cb96\" data-element_type=\"widget\" data-e-type=\"widget\" data-widget_type=\"text-editor.default\">\n\t\t\t\t<div class=\"elementor-widget-container\">\n\t\t\t\t\t\t\t\t\t<p style=\"text-align: justify;\">Sunt Diana Maria Socaciu, n\u0103scut\u0103 \u0219i crescut\u0103 \u00een Rom\u00e2nia, \u00een mistica \u0219i minunata Transilvanie \u0219i &#8222;adoptat\u0103&#8221; \u00een 1992 de magica \u0219i minunata Italie, care mi-a oferit multe, multe experien\u021be noi \u0219i mi-a oferit posibilit\u0103\u021bi \u0219i oportunit\u0103\u021bi infinite.<\/p><p>M-am apropiat de studiul Disciplinelor Holistice \u00een anul 2008, \u00een c\u0103utarea adev\u0103ratei esen\u021be a sufletului, \u00een urma unor experien\u021be de via\u021b\u0103 dureroase. Aceste evenimente dureroase \u0219i experien\u021be puternic negative m-au distrus \u0219i a trebuit s\u0103 reac\u021bionez.<\/p><p>Pornind de la filozofia lui Hipocrate am realizat c\u0103 &#8222;Nu exist\u0103 boal\u0103, ci doar oameni bolnavi&#8221;, iar de la filozofia lui Socrate c\u0103 &#8222;Dac\u0103 nu vindeci sufletul, corpul se \u00eemboln\u0103ve\u0219te!&#8221;, am \u00een\u021beles c\u0103 adev\u0103ratele cauze care ne produc boli sunt doar credin\u021bele noastre limitative, temerile, prejudec\u0103\u021bile, vinov\u0103\u021bia, furia (mai ales cea reprimat\u0103) \u0219i teama de a tr\u0103i pe deplin aceast\u0103 experien\u021b\u0103 pe p\u0103m\u00e2nt. Toate acestea ne \u00eempiedic\u0103 s\u0103 fim ferici\u021bi.<\/p><p>Mi-am dat seama c\u0103 &#8222;sensul vie\u021bii nu este de a fi perfect, ci de a fi fericit&#8221; \u0219i c\u0103 adesea respingem fericirea pentru a nu fi singuri.<\/p><p>Am acumulat multiple experien\u021be \u00een domeniu, dup\u0103 ce am lucrat ca educatoare la gr\u0103dini\u021b\u0103 (ceea ce m-a ajutat s\u0103 interpretez basmele, miturile \u0219i pove\u0219tile dintr-o perspectiv\u0103 alchimic\u0103 \u0219i simbolic\u0103) \u0219i mai t\u00e2rziu ca asistent notarial (unde am \u00eenv\u0103\u021bat disciplina practic\u0103, hot\u0103r\u00e2t\u0103 \u0219i responsabil\u0103).<\/p><p>Pasiunea mea pentru culori, pietre, cristale \u0219i Florile lui Bach m-a determinat s\u0103 m\u0103 \u00eenscriu la diverse scoli de formare \u00een domeniul medicinei energetice bio-naturale, devenind practician holistic profesional \u00een <strong>DBN discipline bio-naturale \u0219i tehnici cu sunet si vibra\u021bie acustic\u0103, Facilitator \u00een Constela\u021bii Familiale<\/strong> cu Metoda Hellinger, <strong>Facilitator de Metabasme \u0219i Metateatru<\/strong> cu Metoda Paolei Biato, devenind \u201c<strong>Gardian al Basmelor<\/strong> \u0219i Metamenestrel\u0103\u201d, am urmat cursul de <strong>Constela\u021bii Arhetipale \u0219i Imaginale Mitologice<\/strong> cu metoda conceput\u0103 de Selene Calloni Williams, \u0219i cel de <strong>Constela\u021bii Spirituale<\/strong> cu Evangheliile dup\u0103 metoda Jodorowky, sunt certificat\u0103 ca <strong>Operator al C\u0103r\u021bilor Creharmonice de Constela\u021bii Familiale<\/strong> concepute de Alba Sali, <strong>Mental Coach Life and Sport<\/strong> format\u0103 la <strong>Academia de Coaching<\/strong> a lui Roberto Ferrario din Milano, \u0219i am urmat, de asemenea, cursuri de <strong>\u0218amanism, C\u00e2ntecul de Vindecare, Reiki, Reiki Quantum, Theta Healing, Radiesthesia<\/strong> \u0219i multe altele, fiind acum<strong> \u00eenscris\u0103 \u00een Registrul Profesioni\u0219tilor SIAF Italia cu nr. LO3223P-OP<\/strong><\/p><p>Cu disciplinele holistice nu se caut\u0103 s\u0103 se vindece boala unei persoane, ci :<\/p><ul><li>s\u0103 amelioreze durerea sufleteasc\u0103, integr\u00e2nd energia lips\u0103 \u0219i armoniz\u00e2nd c\u00e2mpurile energetice ale fiin\u021bei sale, oferindu-i astfel o stare natural\u0103 de bine \u0219i de senin\u0103tate<\/li><li>promoveaz\u0103 ob\u021binerea \u0219i \u00eembun\u0103t\u0103\u021birea st\u0103rii de bine generale a unei persoane<\/li><li>s\u0103 genereze o mai bun\u0103 calitate a vie\u021bii<\/li><\/ul><p>Cu Coachingul Holistic ajungi la inim\u0103 \u0219i p\u0103trunzi \u00een suflet. \u00cen orice domeniu, dar mai ales \u00een cel al vie\u021bii \u0219i al sportului, ajut\u0103 la:<\/p><ul><li>a stimula resursele naturale ale individului, pentru a da tot ce e mai bun \u00een domeniul competi\u021bional<\/li><li>ajuta la men\u021binerea echilibrului fizic \u0219i emo\u021bional<\/li><li>ajuta s\u0103 men\u021bin\u0103 ridicat\u0103 motiva\u021bia,<\/li><li>ajuta la atingerea celor mai \u00eenalte niveluri de energie pentru a realiza orice provocare, fie c\u0103 este vorba de sport sau de via\u021b\u0103.<\/li><\/ul><p>M-am ocupat de persoane cu diverse probleme: lipsa de energie, de recuperare u\u0219oar\u0103, am ajutat oamenii s\u0103 \u00ee\u0219i reg\u0103seasc\u0103 drumul \u0219i \u00eencrederea \u00een sine, dar \u0219i de sportivi.<\/p><p>Din 2015 urm\u0103resc sportivi \u0219i echipe, \u00een special de polo pe ap\u0103, care \u0219i datorit\u0103 sprijinului meu joac\u0103 acum la un nivel bun.<\/p><h2 style=\"text-align: center;\">De ce s\u0103 alegi un terapeut holistic?<\/h2><p>Terapeutul holistic nu este un medic, ci un educator \u00een domeniul bun\u0103st\u0103rii, un consilier care v\u0103 poate \u00eendruma c\u0103tre disciplina sau constela\u021biile energetice \u0219i bio-naturale care vi se potrivesc cel mai bine, pentru a v\u0103 \u00eembun\u0103t\u0103\u021bi calitatea vie\u021bii.<\/p><p>Iubesc \u0219i recomand practicile holistice pentru c\u0103 sunt metode care au grij\u0103 de \u00eentreaga persoan\u0103, nu doar de corp, ci \u0219i de suflet, minte \u0219i emo\u021bii. Ele au grij\u0103 de persoan\u0103 \u00een integralitatea ei \u0219i o fac f\u0103r\u0103 a o judeca, nu au contraindica\u021bii, deoarece nu folosesc terapii invazive sau medicale, \u0219i sunt un sprijin valoros \u0219i excelent pentru metodele terapeutice ale medicinei tradi\u021bionale.<\/p><p>Dup\u0103 ani de munc\u0103, studiu \u0219i pelerinaje \u00een jurul lumii pentru a-mi redescoperi esen\u021ba cea mai profund\u0103, doresc din toat\u0103 inima s\u0103 v\u0103 pun la dispozi\u021bie \u0219i s\u0103 \u00eemp\u0103rt\u0103\u0219esc cu voi tot ceea ce am \u00eenv\u0103\u021bat de-a lungul anilor \u0219i am practicat direct pe pielea mea \u00een locurile minunate care m-au g\u0103zduit \u0219i mi-au oferit at\u00e2t de mult. Am plecat foarte t\u00e2n\u0103r\u0103 de acas\u0103 urm\u00e2ndu-mi inima \u0219i chemarea vocii iubirii, dar acum, ascult chemarea strabunilor si ma simt preg\u0103tit\u0103 s\u0103 m\u0103 \u00eentorc printre cei dragi pentru a m\u0103 d\u0103rui celorlal\u021bi, cunostintele mele, parte din invatamintele pe care le-am dobandit,\u00a0 pun\u00e2nd \u00een practic\u0103 numeroasele \u00eenv\u0103\u021b\u0103turi acumulate \u00een 30 de ani de studiu.<\/p>\t\t\t\t\t\t\t\t<\/div>\n\t\t\t\t<\/div>\n\t\t\t\t\t<\/div>\n\t\t\t\t<\/div>\n\t\t\t\t<\/div>\n\t\t","protected":false},"excerpt":{"rendered":"<p>Sunt Diana Maria Socaciu, n\u0103scut\u0103 \u0219i crescut\u0103 \u00een Rom\u00e2nia, \u00een mistica \u0219i minunata Transilvanie \u0219i &#8222;adoptat\u0103&#8221; \u00een 1992 de magica \u0219i minunata Italie, care mi-a oferit multe, multe experien\u021be noi \u0219i mi-a oferit posibilit\u0103\u021bi \u0219i oportunit\u0103\u021bi infinite. M-am apropiat de studiul Disciplinelor Holistice \u00een anul 2008, \u00een c\u0103utarea adev\u0103ratei esen\u021be a sufletului, \u00een urma unor [&hellip;]<\/p>\n","protected":false},"author":1,"featured_media":595,"parent":0,"menu_order":0,"comment_status":"closed","ping_status":"closed","template":"elementor_theme","meta":{"_acf_changed":false,"inline_featured_image":false,"footnotes":""},"class_list":["post-594","page","type-page","status-publish","has-post-thumbnail","hentry"],"acf":[],"yoast_head":"<!-- This site is optimized with the Yoast SEO plugin v27.0 - https:\/\/yoast.com\/product\/yoast-seo-wordpress\/ -->\n<title>CINE SUNT EU! - Diana Socaciu<\/title>\n<meta name=\"robots\" content=\"index, follow, max-snippet:-1, max-image-preview:large, max-video-preview:-1\" \/>\n<link rel=\"canonical\" href=\"https:\/\/dianasocaciu.com\/ro\/cine-sunt-eu\/\" \/>\n<meta property=\"og:locale\" content=\"ro_RO\" \/>\n<meta property=\"og:type\" content=\"article\" \/>\n<meta property=\"og:title\" content=\"CINE SUNT EU! - Diana Socaciu\" \/>\n<meta property=\"og:description\" content=\"Sunt Diana Maria Socaciu, n\u0103scut\u0103 \u0219i crescut\u0103 \u00een Rom\u00e2nia, \u00een mistica \u0219i minunata Transilvanie \u0219i &#8222;adoptat\u0103&#8221; \u00een 1992 de magica \u0219i minunata Italie, care mi-a oferit multe, multe experien\u021be noi \u0219i mi-a oferit posibilit\u0103\u021bi \u0219i oportunit\u0103\u021bi infinite. M-am apropiat de studiul Disciplinelor Holistice \u00een anul 2008, \u00een c\u0103utarea adev\u0103ratei esen\u021be a sufletului, \u00een urma unor [&hellip;]\" \/>\n<meta property=\"og:url\" content=\"https:\/\/dianasocaciu.com\/ro\/cine-sunt-eu\/\" \/>\n<meta property=\"og:site_name\" content=\"Diana Socaciu\" \/>\n<meta property=\"article:modified_time\" content=\"2023-11-28T11:03:52+00:00\" \/>\n<meta property=\"og:image\" content=\"https:\/\/dianasocaciu.com\/wp-content\/uploads\/2023\/07\/Diana-Socaciu_costellazioni-familiari.jpg\" \/>\n\t<meta property=\"og:image:width\" content=\"908\" \/>\n\t<meta property=\"og:image:height\" content=\"908\" \/>\n\t<meta property=\"og:image:type\" content=\"image\/jpeg\" \/>\n<meta name=\"twitter:card\" content=\"summary_large_image\" \/>\n<meta name=\"twitter:label1\" content=\"Timp estimat pentru citire\" \/>\n\t<meta name=\"twitter:data1\" content=\"4 minute\" \/>\n<script type=\"application\/ld+json\" class=\"yoast-schema-graph\">{\"@context\":\"https:\/\/schema.org\",\"@graph\":[{\"@type\":\"WebPage\",\"@id\":\"https:\/\/dianasocaciu.com\/ro\/cine-sunt-eu\/\",\"url\":\"https:\/\/dianasocaciu.com\/ro\/cine-sunt-eu\/\",\"name\":\"CINE SUNT EU! - Diana Socaciu\",\"isPartOf\":{\"@id\":\"https:\/\/dianasocaciu.com\/ro\/#website\"},\"primaryImageOfPage\":{\"@id\":\"https:\/\/dianasocaciu.com\/ro\/cine-sunt-eu\/#primaryimage\"},\"image\":{\"@id\":\"https:\/\/dianasocaciu.com\/ro\/cine-sunt-eu\/#primaryimage\"},\"thumbnailUrl\":\"https:\/\/dianasocaciu.com\/wp-content\/uploads\/2023\/07\/Diana-Socaciu_costellazioni-familiari.jpg\",\"datePublished\":\"2023-07-10T09:35:41+00:00\",\"dateModified\":\"2023-11-28T11:03:52+00:00\",\"breadcrumb\":{\"@id\":\"https:\/\/dianasocaciu.com\/ro\/cine-sunt-eu\/#breadcrumb\"},\"inLanguage\":\"ro-RO\",\"potentialAction\":[{\"@type\":\"ReadAction\",\"target\":[\"https:\/\/dianasocaciu.com\/ro\/cine-sunt-eu\/\"]}]},{\"@type\":\"ImageObject\",\"inLanguage\":\"ro-RO\",\"@id\":\"https:\/\/dianasocaciu.com\/ro\/cine-sunt-eu\/#primaryimage\",\"url\":\"https:\/\/dianasocaciu.com\/wp-content\/uploads\/2023\/07\/Diana-Socaciu_costellazioni-familiari.jpg\",\"contentUrl\":\"https:\/\/dianasocaciu.com\/wp-content\/uploads\/2023\/07\/Diana-Socaciu_costellazioni-familiari.jpg\",\"width\":908,\"height\":908},{\"@type\":\"BreadcrumbList\",\"@id\":\"https:\/\/dianasocaciu.com\/ro\/cine-sunt-eu\/#breadcrumb\",\"itemListElement\":[{\"@type\":\"ListItem\",\"position\":1,\"name\":\"Home\",\"item\":\"https:\/\/dianasocaciu.com\/ro\/home\/\"},{\"@type\":\"ListItem\",\"position\":2,\"name\":\"CINE SUNT EU!\"}]},{\"@type\":\"WebSite\",\"@id\":\"https:\/\/dianasocaciu.com\/ro\/#website\",\"url\":\"https:\/\/dianasocaciu.com\/ro\/\",\"name\":\"Costellazioni Familiari \u2022 Coaching \u2022 Trattamenti Olistici\",\"description\":\"Costellazioni Familiari \u2022 Coaching \u2022 Trattamenti Olistici\",\"potentialAction\":[{\"@type\":\"SearchAction\",\"target\":{\"@type\":\"EntryPoint\",\"urlTemplate\":\"https:\/\/dianasocaciu.com\/ro\/?s={search_term_string}\"},\"query-input\":{\"@type\":\"PropertyValueSpecification\",\"valueRequired\":true,\"valueName\":\"search_term_string\"}}],\"inLanguage\":\"ro-RO\"}]}<\/script>\n<!-- \/ Yoast SEO plugin. -->","yoast_head_json":{"title":"CINE SUNT EU! - Diana Socaciu","robots":{"index":"index","follow":"follow","max-snippet":"max-snippet:-1","max-image-preview":"max-image-preview:large","max-video-preview":"max-video-preview:-1"},"canonical":"https:\/\/dianasocaciu.com\/ro\/cine-sunt-eu\/","og_locale":"ro_RO","og_type":"article","og_title":"CINE SUNT EU! - Diana Socaciu","og_description":"Sunt Diana Maria Socaciu, n\u0103scut\u0103 \u0219i crescut\u0103 \u00een Rom\u00e2nia, \u00een mistica \u0219i minunata Transilvanie \u0219i &#8222;adoptat\u0103&#8221; \u00een 1992 de magica \u0219i minunata Italie, care mi-a oferit multe, multe experien\u021be noi \u0219i mi-a oferit posibilit\u0103\u021bi \u0219i oportunit\u0103\u021bi infinite. M-am apropiat de studiul Disciplinelor Holistice \u00een anul 2008, \u00een c\u0103utarea adev\u0103ratei esen\u021be a sufletului, \u00een urma unor [&hellip;]","og_url":"https:\/\/dianasocaciu.com\/ro\/cine-sunt-eu\/","og_site_name":"Diana Socaciu","article_modified_time":"2023-11-28T11:03:52+00:00","og_image":[{"width":908,"height":908,"url":"https:\/\/dianasocaciu.com\/wp-content\/uploads\/2023\/07\/Diana-Socaciu_costellazioni-familiari.jpg","type":"image\/jpeg"}],"twitter_card":"summary_large_image","twitter_misc":{"Timp estimat pentru citire":"4 minute"},"schema":{"@context":"https:\/\/schema.org","@graph":[{"@type":"WebPage","@id":"https:\/\/dianasocaciu.com\/ro\/cine-sunt-eu\/","url":"https:\/\/dianasocaciu.com\/ro\/cine-sunt-eu\/","name":"CINE SUNT EU! - Diana Socaciu","isPartOf":{"@id":"https:\/\/dianasocaciu.com\/ro\/#website"},"primaryImageOfPage":{"@id":"https:\/\/dianasocaciu.com\/ro\/cine-sunt-eu\/#primaryimage"},"image":{"@id":"https:\/\/dianasocaciu.com\/ro\/cine-sunt-eu\/#primaryimage"},"thumbnailUrl":"https:\/\/dianasocaciu.com\/wp-content\/uploads\/2023\/07\/Diana-Socaciu_costellazioni-familiari.jpg","datePublished":"2023-07-10T09:35:41+00:00","dateModified":"2023-11-28T11:03:52+00:00","breadcrumb":{"@id":"https:\/\/dianasocaciu.com\/ro\/cine-sunt-eu\/#breadcrumb"},"inLanguage":"ro-RO","potentialAction":[{"@type":"ReadAction","target":["https:\/\/dianasocaciu.com\/ro\/cine-sunt-eu\/"]}]},{"@type":"ImageObject","inLanguage":"ro-RO","@id":"https:\/\/dianasocaciu.com\/ro\/cine-sunt-eu\/#primaryimage","url":"https:\/\/dianasocaciu.com\/wp-content\/uploads\/2023\/07\/Diana-Socaciu_costellazioni-familiari.jpg","contentUrl":"https:\/\/dianasocaciu.com\/wp-content\/uploads\/2023\/07\/Diana-Socaciu_costellazioni-familiari.jpg","width":908,"height":908},{"@type":"BreadcrumbList","@id":"https:\/\/dianasocaciu.com\/ro\/cine-sunt-eu\/#breadcrumb","itemListElement":[{"@type":"ListItem","position":1,"name":"Home","item":"https:\/\/dianasocaciu.com\/ro\/home\/"},{"@type":"ListItem","position":2,"name":"CINE SUNT EU!"}]},{"@type":"WebSite","@id":"https:\/\/dianasocaciu.com\/ro\/#website","url":"https:\/\/dianasocaciu.com\/ro\/","name":"Costellazioni Familiari \u2022 Coaching \u2022 Trattamenti Olistici","description":"Costellazioni Familiari \u2022 Coaching \u2022 Trattamenti Olistici","potentialAction":[{"@type":"SearchAction","target":{"@type":"EntryPoint","urlTemplate":"https:\/\/dianasocaciu.com\/ro\/?s={search_term_string}"},"query-input":{"@type":"PropertyValueSpecification","valueRequired":true,"valueName":"search_term_string"}}],"inLanguage":"ro-RO"}]}},"_links":{"self":[{"href":"https:\/\/dianasocaciu.com\/ro\/wp-json\/wp\/v2\/pages\/594","targetHints":{"allow":["GET"]}}],"collection":[{"href":"https:\/\/dianasocaciu.com\/ro\/wp-json\/wp\/v2\/pages"}],"about":[{"href":"https:\/\/dianasocaciu.com\/ro\/wp-json\/wp\/v2\/types\/page"}],"author":[{"embeddable":true,"href":"https:\/\/dianasocaciu.com\/ro\/wp-json\/wp\/v2\/users\/1"}],"replies":[{"embeddable":true,"href":"https:\/\/dianasocaciu.com\/ro\/wp-json\/wp\/v2\/comments?post=594"}],"version-history":[{"count":7,"href":"https:\/\/dianasocaciu.com\/ro\/wp-json\/wp\/v2\/pages\/594\/revisions"}],"predecessor-version":[{"id":1106,"href":"https:\/\/dianasocaciu.com\/ro\/wp-json\/wp\/v2\/pages\/594\/revisions\/1106"}],"wp:featuredmedia":[{"embeddable":true,"href":"https:\/\/dianasocaciu.com\/ro\/wp-json\/wp\/v2\/media\/595"}],"wp:attachment":[{"href":"https:\/\/dianasocaciu.com\/ro\/wp-json\/wp\/v2\/media?parent=594"}],"curies":[{"name":"wp","href":"https:\/\/api.w.org\/{rel}","templated":true}]}}