{"id":701,"date":"2023-11-07T15:37:33","date_gmt":"2023-11-07T14:37:33","guid":{"rendered":"https:\/\/dianasocaciu.com\/operator-holistic-terapeut\/reiki\/"},"modified":"2023-11-28T14:09:51","modified_gmt":"2023-11-28T13:09:51","slug":"reiki","status":"publish","type":"page","link":"https:\/\/dianasocaciu.com\/ro\/operator-holistic-terapeut\/reiki\/","title":{"rendered":"REIKI"},"content":{"rendered":"\t\t<div data-elementor-type=\"wp-page\" data-elementor-id=\"701\" class=\"elementor elementor-701 elementor-696\" data-elementor-post-type=\"page\">\n\t\t\t\t<div class=\"elementor-element elementor-element-f20c3ba e-flex e-con-boxed e-con e-parent\" data-id=\"f20c3ba\" data-element_type=\"container\" data-e-type=\"container\">\n\t\t\t\t\t<div class=\"e-con-inner\">\n\t\t\t\t<div class=\"elementor-element elementor-element-2a13cc9 elementor-widget elementor-widget-text-editor\" data-id=\"2a13cc9\" data-element_type=\"widget\" data-e-type=\"widget\" data-widget_type=\"text-editor.default\">\n\t\t\t\t<div class=\"elementor-widget-container\">\n\t\t\t\t\t\t\t\t\t<h2 style=\"text-align: center;\">Ce este Reiki?<\/h2><p style=\"text-align: justify;\">Reiki este o practic\u0103 oriental\u0103, <strong>o metod\u0103 terapeutic\u0103 japonez\u0103<\/strong> care <strong>folose\u0219te energia universal\u0103<\/strong> cu scopul de a aduce echilibru \u0219i armonie nu numai \u00een corpul fizic, ci \u0219i \u00een corpurile subtile (mental, emo\u021bional, energetic), \u00een psihic \u0219i \u00een emo\u021bii.<\/p><p style=\"text-align: justify;\">Datorit\u0103 acestei uniuni armonioase dintre corp, minte \u0219i spirit, se trezesc energiile subtile adormite sau blocate. Se folose\u0219te pentru a reechilibra energetic sistemul minte-corp al persoanei.<\/p><p style=\"text-align: justify;\">Beneficiile la nivel emo\u021bional, prin relaxarea profund\u0103, influen\u021beaz\u0103 pozitiv s\u0103n\u0103tatea la nivel fizic, stimul\u00e2nd astfel procesele de autovindecare.<\/p><p style=\"text-align: justify;\">Terapia Reiki face parte din acea ramur\u0103 a &#8222;medicinei alternative&#8221;, numit\u0103 \u0219i &#8222;<strong>medicin\u0103 energetic\u0103<\/strong>&#8222;, care este din ce \u00een ce mai r\u0103sp\u00e2ndit\u0103 \u00een lume \u0219i este considerat\u0103 o eficient\u0103 terapie complementar\u0103 a medicinei tradi\u021bionale. Datorit\u0103 informa\u021biilor energetice primite \u00een timpul unei terapii Reiki, mecanismele de autovindecare sunt trezite, reactivate \u0219i accelerate. Cei care se supun unui tratament Reiki vor experimenta o mai mare de lini\u0219te, de senin\u0103tate, stabilitate emo\u021bional\u0103 \u0219i o senza\u021bie aproape imediat\u0103 de bun\u0103stare.<\/p><p style=\"text-align: justify;\">Practica Reiki nu are nimic de-a face cu religia, nici cu sectele religioase sau cu alte filozofii. Ea poate fi practicat\u0103 \u0219i primit\u0103 de oricine, indiferent de convingerile religioase, cultura sau etnia sa.<\/p><h3 style=\"text-align: justify;\">Ce \u00eenseamn\u0103 Rei-KI<\/h3><p style=\"text-align: justify;\">Numele s\u0103u este uniunea a doi termeni, dou\u0103 caractere care descriu energia \u00een sine:<\/p><p style=\"text-align: justify;\"><strong>&#8222;Rei&#8221; (energia universal\u0103 sacr\u0103, misterioas\u0103<\/strong>, care provine din sursa creatoare) \u0219i <strong>&#8222;Ki&#8221; (energia vital\u0103<\/strong> a fiec\u0103rui individ).<\/p><p style=\"text-align: justify;\">Einstain spunea c\u0103 noi suntem energie \u0219i c\u0103 fiecare element este \u00eenc\u0103rcat cu energie pe care, din p\u0103cate, tinde s\u0103 o elibereze \u0219i, \u00eentruc\u00e2t energia se consum\u0103 ca orice alt combustibil, ea trebuie s\u0103 fie ref\u0103cut\u0103.<\/p><p style=\"text-align: justify;\">A primi Reiki este cu siguran\u021b\u0103 foarte frumos \u0219i relaxant, deoarece intr\u0103m \u00een contact cu energia universului, care completeaz\u0103, regenereaz\u0103 \u0219i integreaz\u0103 energia noastr\u0103 personal\u0103.<\/p><p style=\"text-align: justify;\">L\u0103s\u00e2nd energia s\u0103 circule, \u00eenl\u0103tur\u0103m eventualele blocaje care nu permit organismului s\u0103 fie \u00een echilibru \u0219i este de mare ajutor \u00een reg\u0103sirea unei st\u0103ri de bine, armonie \u0219i echilibru. V\u0103 recomand s\u0103 \u00eencerca\u021bi s\u0103 primi\u021bi Reiki \u0219i pentru a combate stresul, pentru a v\u0103 oferi un moment de relaxare, pentru a calma anxietatea zilnic\u0103 sau pentru a \u00eencerca s\u0103 v\u0103 cufunda\u021bi \u00een frumuse\u021bea medita\u021biei.<\/p><h3 style=\"text-align: justify;\">Un scurt istoric al metodei Usui Reiki<\/h3><p style=\"text-align: justify;\">Metoda Reiki a fost redescoperit\u0103 de c\u0103lug\u0103rul cre\u0219tin japonez MIKAO USUI \u00een secolul trecut, \u00een timp ce se afla \u00eentr-o retragere la o m\u0103n\u0103stire Zen de l\u00e2ng\u0103 Kyoto, unde a g\u0103sit sutre budiste str\u0103vechi care descriau metodele de vindecare ale Buddha.<\/p><p style=\"text-align: justify;\">A petrecut ani de studii \u00een SUA, India de Nord \u0219i Japonia, a tr\u0103it ani de pelerinaje, retrageri \u0219i zile de medita\u021bie \u0219i post pe Muntele Kurayama \u0219i i-au trebuit \u0219apte ani de mers pe jos pentru a preda arta vindec\u0103rii printre oameni.<\/p><p style=\"text-align: justify;\">A \u00eenceput s\u0103 vindece boli minore \u0219i diverse afec\u021biuni cu aceast\u0103 metod\u0103 \u0219i a fost uimit c\u00e2nd a observat cum, odat\u0103 &#8222;vindeca\u021bi&#8221;, oamenii \u00ee\u0219i reiau via\u021ba dezarmonizat\u0103 \u0219i refuz\u0103 s\u0103 se \u00eentoarc\u0103 la munca lor, a\u0219a c\u0103 \u0219i-a dat seama c\u0103, pe l\u00e2ng\u0103 medicin\u0103 sau metode alternative de vindecare, trebuie s\u0103-i \u00eenve\u021be recuno\u0219tin\u021ba, f\u0103r\u0103 de care adev\u0103rata lumin\u0103 nu poate fi v\u0103zut\u0103 sau perceput\u0103.<\/p><p style=\"text-align: justify;\"><strong>Metoda Reiki USUI<\/strong>, poart\u0103 numele acestui mare om, de fapt, \u00een japonez\u0103 &#8222;Ussui&#8221;, define\u0219te &#8222;c\u0103lug\u0103rul care r\u0103t\u0103ce\u0219te cu lampa sa \u00een c\u0103utarea adev\u0103rului&#8221;. Timp de aproape un secol, aceast\u0103 metod\u0103 a supravie\u021buit doar \u00een cercurile ezoterice mistice orientale \u0219i \u00een t\u0103cerea m\u0103n\u0103stirilor japoneze \u0219i tibetane.<\/p><p style=\"text-align: justify;\">Dup\u0103 moartea maestrului Usui, ini\u021bia\u021bii s\u0103i au \u00eenfiin\u021bat clinici \u00een care au efectuat tratamente cu metoda Reiki cu rezultate excelente \u0219i au \u00eenceput s\u0103 formeze al\u021bi mae\u0219tri \u0219i terapeu\u021bi, astfel \u00eenc\u00e2t energia cosmic\u0103 s\u0103 fie \u00eemp\u0103rt\u0103\u0219it\u0103 \u0219i noi s\u0103 fim la dispozi\u021bia ei, s\u0103 ne deschidem c\u0103tre ea pentru a deveni canale ale esen\u021bei de lumin\u0103 \u0219i a activa procesul de autovindecare.<\/p>\t\t\t\t\t\t\t\t<\/div>\n\t\t\t\t<\/div>\n\t\t\t\t\t<\/div>\n\t\t\t\t<\/div>\n\t\t<div class=\"elementor-element elementor-element-3db24f1 e-flex e-con-boxed e-con e-parent\" data-id=\"3db24f1\" data-element_type=\"container\" data-e-type=\"container\">\n\t\t\t\t\t<div class=\"e-con-inner\">\n\t\t\t\t<div class=\"elementor-element elementor-element-1cb6477 elementor-widget elementor-widget-text-editor\" data-id=\"1cb6477\" data-element_type=\"widget\" data-e-type=\"widget\" data-widget_type=\"text-editor.default\">\n\t\t\t\t<div class=\"elementor-widget-container\">\n\t\t\t\t\t\t\t\t\t<h2 style=\"text-align: center;\">Diferite abord\u0103ri ale metodei Reiki<\/h2><p style=\"text-align: justify;\">\u00cen prezent, exist\u0103 mai multe abord\u0103ri ale acestei metode, similare ca aspect, dar diferite ca disciplin\u0103 \u0219i metod\u0103 terapeutic\u0103.<\/p><ol style=\"text-align: justify;\"><li>Metoda japonez\u0103 <strong>TRADI\u021aIONAL\u0102<\/strong>, care urm\u0103re\u0219te s\u0103 men\u021bin\u0103 \u0219i s\u0103 p\u0103streze toate caracteristicile terapiei energetice originale, p\u0103str\u00e2nd acelea\u0219i abilit\u0103\u021bi tehnice pentru a \u00eembun\u0103t\u0103\u021bi rezultatul efectiv al terapiei prin practic\u0103 constant\u0103. \u00cen practica tradi\u021bional\u0103 japonez\u0103, terapia Reiki se realizeaz\u0103 prin aplicarea m\u00e2inilor pe p\u0103r\u021bi ale corpului \u0219i pe punctele de dezechilibru energetic major \u0219i prin aducerea ac\u021biunii \u0219i inten\u021biei asupra acestora.<\/li><li>Metoda <strong>OCCIDENTAL\u0102<\/strong> care introduce \u00een practic\u0103 alte elemente cu caracteristici religioase \u0219i mistice care provin din culturile indiene (chakrele, culorile, cristalele, sunetele) promov\u00e2nd ideea c\u0103 vindecarea sufletului aduce vindecarea corpului.<\/li><li>Printre metodele terapeutice energetice apar \u0219i alte limbaje Reiki: Karuna-Reiki; Neo-Reiki; Reiki-DO, Sathaya-Reiki; etc&#8230;<\/li><\/ol><p style=\"text-align: justify;\">Oricare ar fi metoda folosit\u0103, Reiki este o metod\u0103 natural\u0103 de vindecare, care scoate la lumin\u0103 ceea ce am \u00eencercat s\u0103 elimin\u0103m din con\u0219tiin\u021b\u0103 \u0219i ne \u00eendreapt\u0103 spre sinceritate \u0219i adev\u0103r fa\u021b\u0103 de noi \u00een\u0219ine.<\/p><h2 style=\"text-align: center;\">Cum func\u021bioneaz\u0103 Reiki<\/h2><p style=\"text-align: justify;\">Reiki ac\u021bioneaz\u0103 asupra tuturor corpurilor energetice ale omului, plantelor, animalelor, copacilor, deoarece Reiki poate fi practicat nu numai asupra fiin\u021belor umane, ci \u0219i asupra multor lucruri care ne \u00eenconjoar\u0103 (cum ar fi apa pe care o bem, medicamentele pe care le lu\u0103m, animalele, plantele&#8230; etc.).<\/p><p style=\"text-align: justify;\">Reiki ajut\u0103 la transformarea st\u0103rilor de evolu\u021bie \u0219i de echilibru ale individului, \u00eentre condi\u021biile interne \u0219i externe, intr\u00e2nd \u00een contact cu p\u0103r\u021bile sale cele mai profunde care se schimb\u0103, transform\u00e2nd blocajele \u0219i stagn\u0103rile energetice \u00een echilibru \u0219i armonie. \u00cen acest fel, \u00eembun\u0103t\u0103\u021be\u0219te frecven\u021bele vibratorii ale corpurilor subtile, aduc\u00e2nd u\u0219urare suferin\u021belor \u0219i disconforturilor care se manifest\u0103 \u00een corpul fizic.<\/p><p style=\"text-align: justify;\">Come dicevamo, Reiki \u00e8 quell&#8217;unione consapevole tra l&#8217;energia mistica che proviene dalla Fonte Creatrice e l&#8217;energia vitale di ogni individuo. Tutto nel corpo \u00e8 armonico se c&#8217;\u00e8 equilibrio costante tra le due energie. I canali energetici dai quali l&#8217;energia dovrebbe fluire con il tempo si otturano, come i tubi d&#8217;acqua nelle nostre case.<\/p><p style=\"text-align: justify;\">A\u0219a cum spuneam, Reiki este acea uniune con\u0219tient\u0103 \u00eentre energia mistic\u0103 ce provine din Sursa creatoare \u0219i energia vital\u0103 a fiec\u0103rui individ. Totul \u00een corp este armonios dac\u0103 exist\u0103 un echilibru constant \u00eentre cele dou\u0103 energii. Canalele energetice din care ar trebui s\u0103 curg\u0103 energia se \u00eenfund\u0103 \u00een timp, precum conductele de ap\u0103 din casele noastre.<\/p><p>Prin urmare, vine un moment \u00een care este necesar s\u0103 le cur\u0103\u021b\u0103m (la fel ca atunci c\u00e2nd ne cur\u0103\u021b\u0103m \u021bevile cu detartrant pentru a le sc\u0103pa de calcar) \u0219i s\u0103 permitem ca fluxul de energie din corpul nostru s\u0103 fie fluid \u0219i s\u0103 \u00eenceap\u0103 din nou s\u0103 curg\u0103 u\u0219or.<\/p><h2 style=\"text-align: center;\">Beneficiile Reiki<\/h2><p style=\"text-align: justify;\">Beneficiile practicii Reiki se manifest\u0103 la toate nivelurile: fizic, emo\u021bional, mental \u0219i (pentru cei care sunt deschi\u0219i) \u0219i la nivel spiritual. Beneficiile sunt vizibile imediat la nivel emo\u021bional prin perceperea acelui sentiment de bun\u0103stare, de pace \u0219i lini\u0219te.<\/p><p style=\"text-align: justify;\">La nivel mental, se va observa o stare pl\u0103cut\u0103 de bine, relaxare, u\u0219urare \u0219i stabilitate emo\u021bional\u0103.\u00a0 \u00cen plan fizic, \u00een func\u021bie de blocajul energetic, de tulburare sau de boal\u0103, pot fi necesare mai multe tratamente Reiki. Efectele pozitive \u00een plan fizic se vor vedea dac\u0103 frecven\u021ba tratamentelor este men\u021binut\u0103 constant.<\/p><p style=\"text-align: justify;\">\u00cen ultimii ani, \u00een multe spitale, centre de tratament \u0219i centre de medicin\u0103 psihosomatic\u0103, practica Reiki este oferit\u0103 ca tratament auxiliar, complementar, pentru a sus\u021bine tratamentele de chimioterapie \u0219i radioterapie, pentru a diminua efectele secundare ale terapiilor medicale invazive \u0219i pentru a oferi u\u0219urare emo\u021bional\u0103 pacien\u021bilor.<\/p><p style=\"text-align: justify;\">Prin studii \u0219i cercet\u0103ri, \u0219tiin\u021ba a reu\u0219it s\u0103 demonstreze c\u00e2t de important este impactul Reiki asupra st\u0103rii emo\u021bionale demonstr\u00e2nd eficien\u021ba acestei metode terapeutice \u00een mai multe domenii:<\/p><ul style=\"text-align: justify;\"><li>Reducerea durerii<\/li><li>Starea de bine \u00een timpul tratamentelor<\/li><li>Reducerea stresului, a anxiet\u0103\u021bii \u0219i a tensiunii<\/li><li>Func\u021bioneaz\u0103 ca un tratament de detoxifiere<\/li><li>Cre\u0219te diureza<\/li><li>\u00cembun\u0103t\u0103\u021be\u0219te calitatea somnului<\/li><li>Accelereaz\u0103 procesul de vindecare \u0219i de rena\u0219tere<\/li><li>Se renun\u021b\u0103 la m\u0103\u0219ti \u0219i bariere<\/li><li>Senza\u021bie de lejeritate \u0219i eliberare<\/li><li>Sus\u021binerea for\u021bei necesare pentru a dizolva blocajele<\/li><li>Are efecte pozitive asupra controlului tensiunii arteriale<\/li><li>Reactiveaz\u0103 circula\u021bia<\/li><li>Reduce edemele \u0219i umfl\u0103turile<\/li><li>Ne reconduce \u00eenapoi la armonie<\/li><\/ul><h2 style=\"text-align: center;\">Cum se desf\u0103\u0219oar\u0103 o \u0219edin\u021b\u0103 de Reiki<\/h2><p style=\"text-align: justify;\">Reiki poate fi asociat cu acel gest simplu pe care \u00eel facem de mii de ani, indiferent de etnia, cultura sau cultul nostru. \u00centr-un moment de durere, tensiune sau disconfort pe o parte a corpului, \u00een mod incon\u0219tient, ne punem imediat m\u00e2inile pe ea.<\/p><p style=\"text-align: justify;\">Simplul gest \u0219i simpla atingere a m\u00e2inilor ne aduce u\u0219urare chiar dac\u0103 nu exist\u0103 o explica\u021bie logic\u0103, ra\u021bional\u0103. Acest gest \u00eenn\u0103scut este de fapt, \u00een practica Reiki, cel mai important gest: plasarea m\u00e2inilor pe anumite p\u0103r\u021bi ale corpului destinatarului.<\/p><p style=\"text-align: justify;\"><strong>Cele dou\u0103 faze ale procesului Reiki sunt:<\/strong><\/p><ol style=\"text-align: justify;\"><li>Preg\u0103tirea practicianului &#8211; Terapeutul va efectua o serie de tehnici preg\u0103titoare pentru a-\u0219i restabili echilibrul \u0219i pentru a se readuce \u00eentr-o stare de prezen\u021b\u0103 mental\u0103 care s\u0103 maximizeze efectele fazei urm\u0103toare.\u00a0 (Practic\u0103 medita\u021bia Gassho, Recitarea celor 5 principii etc.).<\/li><li>Faza de execu\u021bie a tratamentului &#8211; Practicianul, \u00een func\u021bie de nivelul s\u0103u de preg\u0103tire \u0219i de formare, va dedica timp unui &#8222;diagnostic energetic&#8221; (identificarea punctelor de dezechilibru energetic) direc\u021bionarea inten\u021biei \u0219i apoi ac\u021biunea asupra punctelor cu cel mai mare dezechilibru prin efectuarea unor tehnici specifice.<\/li><\/ol><p style=\"text-align: justify;\">\u00cen forma sa tradi\u021bional\u0103, original\u0103 japonez\u0103, aceast\u0103 practic\u0103 Reiki const\u0103 \u00een a\u0219ezarea m\u00e2inilor pe corpul destinatarului, operatorul \u00ee\u0219i ascult\u0103 intui\u021bia \u0219i apoi ac\u021bioneaz\u0103 ca un canal \u00eentre acesta \u0219i Energia Surs\u0103.<\/p><p style=\"text-align: justify;\">\u00cen Reiki, operatorul nu-\u0219i folose\u0219te propria energie, ci devine un fir conductor, un canal al curentului extras din exterior, direct din Surs\u0103 \u0219i aduc\u00e2ndu-l \u00een interiorul s\u0103u, \u00eel face s\u0103 curg\u0103 u\u0219or \u00een corpul s\u0103u \u0219i \u00eel face s\u0103 curg\u0103 din m\u00e2inile sale, d\u0103ruindu-l celui care a cerut acest mare dar.<\/p><h2 style=\"text-align: center;\">C\u00e2t dureaz\u0103 o \u0219edin\u021b\u0103 de Reiki<\/h2><p style=\"text-align: justify;\">\u00cen func\u021bie de tipul de tratament \u0219i de timpul necesar preg\u0103tirii, o \u0219edin\u021b\u0103 de Reiki poate dura \u00eentre 30 de minute \u0219i maximum 1 or\u0103, \u00een func\u021bie de tipul de interven\u021bie energetic\u0103 pe care operatorul \u00eel alege \u00een func\u021bie de nevoile clientului.\u00a0 \u00cen cazul \u00een care ave\u021bi nevoi speciale, fiecare aspect poate fi convenit cu operatorul.<\/p><h2 style=\"text-align: center;\">Exist\u0103 contraindica\u021bii pentru practicarea Reiki?<\/h2><p style=\"text-align: justify;\">Nu exist\u0103 contraindica\u021bii pentru practicarea Reiki. Aceasta este compatibil\u0103 cu medicina oficial\u0103, este complementar\u0103 \u0219i de sus\u021binere \u0219i reprezint\u0103 un ajutor valoros pentru bun\u0103starea general\u0103 a unei persoane. De asemenea, se adreseaz\u0103 tuturor, de la persoanele \u00een v\u00e2rst\u0103 la copii, bolnavi, sportivi etc.<\/p><p style=\"text-align: justify;\">De asemenea, poate fi aplicat\u0103 plantelor, animalelor, obiectelor \u0219i diferitelor lucruri. (apa pe care o bem, medicamentele pe care le lu\u0103m etc.).<\/p><p style=\"text-align: justify;\">Ea poate fi ad\u0103ugat\u0103 altor practici \u0219i terapii \u0219i reprezint\u0103 un sprijin pre\u021bios \u00een via\u021ba de zi cu zi.<\/p>\t\t\t\t\t\t\t\t<\/div>\n\t\t\t\t<\/div>\n\t\t\t\t\t<\/div>\n\t\t\t\t<\/div>\n\t\t\t\t<\/div>\n\t\t","protected":false},"excerpt":{"rendered":"<p>Ce este Reiki? Reiki este o practic\u0103 oriental\u0103, o metod\u0103 terapeutic\u0103 japonez\u0103 care folose\u0219te energia universal\u0103 cu scopul de a aduce echilibru \u0219i armonie nu numai \u00een corpul fizic, ci \u0219i \u00een corpurile subtile (mental, emo\u021bional, energetic), \u00een psihic \u0219i \u00een emo\u021bii. Datorit\u0103 acestei uniuni armonioase dintre corp, minte \u0219i spirit, se trezesc energiile subtile [&hellip;]<\/p>\n","protected":false},"author":1,"featured_media":0,"parent":673,"menu_order":0,"comment_status":"closed","ping_status":"closed","template":"","meta":{"_acf_changed":false,"inline_featured_image":false,"footnotes":""},"class_list":["post-701","page","type-page","status-publish","hentry"],"acf":[],"yoast_head":"<!-- This site is optimized with the Yoast SEO plugin v27.0 - https:\/\/yoast.com\/product\/yoast-seo-wordpress\/ -->\n<title>REIKI - Diana Socaciu<\/title>\n<meta name=\"robots\" content=\"index, follow, max-snippet:-1, max-image-preview:large, max-video-preview:-1\" \/>\n<link rel=\"canonical\" href=\"https:\/\/dianasocaciu.com\/ro\/operator-holistic-terapeut\/reiki\/\" \/>\n<meta property=\"og:locale\" content=\"ro_RO\" \/>\n<meta property=\"og:type\" content=\"article\" \/>\n<meta property=\"og:title\" content=\"REIKI - Diana Socaciu\" \/>\n<meta property=\"og:description\" content=\"Ce este Reiki? Reiki este o practic\u0103 oriental\u0103, o metod\u0103 terapeutic\u0103 japonez\u0103 care folose\u0219te energia universal\u0103 cu scopul de a aduce echilibru \u0219i armonie nu numai \u00een corpul fizic, ci \u0219i \u00een corpurile subtile (mental, emo\u021bional, energetic), \u00een psihic \u0219i \u00een emo\u021bii. Datorit\u0103 acestei uniuni armonioase dintre corp, minte \u0219i spirit, se trezesc energiile subtile [&hellip;]\" \/>\n<meta property=\"og:url\" content=\"https:\/\/dianasocaciu.com\/ro\/operator-holistic-terapeut\/reiki\/\" \/>\n<meta property=\"og:site_name\" content=\"Diana Socaciu\" \/>\n<meta property=\"article:modified_time\" content=\"2023-11-28T13:09:51+00:00\" \/>\n<meta name=\"twitter:card\" content=\"summary_large_image\" \/>\n<meta name=\"twitter:label1\" content=\"Timp estimat pentru citire\" \/>\n\t<meta name=\"twitter:data1\" content=\"9 minute\" \/>\n<script type=\"application\/ld+json\" class=\"yoast-schema-graph\">{\"@context\":\"https:\/\/schema.org\",\"@graph\":[{\"@type\":\"WebPage\",\"@id\":\"https:\/\/dianasocaciu.com\/ro\/operator-holistic-terapeut\/reiki\/\",\"url\":\"https:\/\/dianasocaciu.com\/ro\/operator-holistic-terapeut\/reiki\/\",\"name\":\"REIKI - Diana Socaciu\",\"isPartOf\":{\"@id\":\"https:\/\/dianasocaciu.com\/ro\/#website\"},\"datePublished\":\"2023-11-07T14:37:33+00:00\",\"dateModified\":\"2023-11-28T13:09:51+00:00\",\"breadcrumb\":{\"@id\":\"https:\/\/dianasocaciu.com\/ro\/operator-holistic-terapeut\/reiki\/#breadcrumb\"},\"inLanguage\":\"ro-RO\",\"potentialAction\":[{\"@type\":\"ReadAction\",\"target\":[\"https:\/\/dianasocaciu.com\/ro\/operator-holistic-terapeut\/reiki\/\"]}]},{\"@type\":\"BreadcrumbList\",\"@id\":\"https:\/\/dianasocaciu.com\/ro\/operator-holistic-terapeut\/reiki\/#breadcrumb\",\"itemListElement\":[{\"@type\":\"ListItem\",\"position\":1,\"name\":\"Home\",\"item\":\"https:\/\/dianasocaciu.com\/ro\/home\/\"},{\"@type\":\"ListItem\",\"position\":2,\"name\":\"OPERATOR HOLISTIC TERAPEUT\",\"item\":\"https:\/\/dianasocaciu.com\/ro\/operator-holistic-terapeut\/\"},{\"@type\":\"ListItem\",\"position\":3,\"name\":\"REIKI\"}]},{\"@type\":\"WebSite\",\"@id\":\"https:\/\/dianasocaciu.com\/ro\/#website\",\"url\":\"https:\/\/dianasocaciu.com\/ro\/\",\"name\":\"Costellazioni Familiari \u2022 Coaching \u2022 Trattamenti Olistici\",\"description\":\"Costellazioni Familiari \u2022 Coaching \u2022 Trattamenti Olistici\",\"potentialAction\":[{\"@type\":\"SearchAction\",\"target\":{\"@type\":\"EntryPoint\",\"urlTemplate\":\"https:\/\/dianasocaciu.com\/ro\/?s={search_term_string}\"},\"query-input\":{\"@type\":\"PropertyValueSpecification\",\"valueRequired\":true,\"valueName\":\"search_term_string\"}}],\"inLanguage\":\"ro-RO\"}]}<\/script>\n<!-- \/ Yoast SEO plugin. -->","yoast_head_json":{"title":"REIKI - Diana Socaciu","robots":{"index":"index","follow":"follow","max-snippet":"max-snippet:-1","max-image-preview":"max-image-preview:large","max-video-preview":"max-video-preview:-1"},"canonical":"https:\/\/dianasocaciu.com\/ro\/operator-holistic-terapeut\/reiki\/","og_locale":"ro_RO","og_type":"article","og_title":"REIKI - Diana Socaciu","og_description":"Ce este Reiki? Reiki este o practic\u0103 oriental\u0103, o metod\u0103 terapeutic\u0103 japonez\u0103 care folose\u0219te energia universal\u0103 cu scopul de a aduce echilibru \u0219i armonie nu numai \u00een corpul fizic, ci \u0219i \u00een corpurile subtile (mental, emo\u021bional, energetic), \u00een psihic \u0219i \u00een emo\u021bii. Datorit\u0103 acestei uniuni armonioase dintre corp, minte \u0219i spirit, se trezesc energiile subtile [&hellip;]","og_url":"https:\/\/dianasocaciu.com\/ro\/operator-holistic-terapeut\/reiki\/","og_site_name":"Diana Socaciu","article_modified_time":"2023-11-28T13:09:51+00:00","twitter_card":"summary_large_image","twitter_misc":{"Timp estimat pentru citire":"9 minute"},"schema":{"@context":"https:\/\/schema.org","@graph":[{"@type":"WebPage","@id":"https:\/\/dianasocaciu.com\/ro\/operator-holistic-terapeut\/reiki\/","url":"https:\/\/dianasocaciu.com\/ro\/operator-holistic-terapeut\/reiki\/","name":"REIKI - Diana Socaciu","isPartOf":{"@id":"https:\/\/dianasocaciu.com\/ro\/#website"},"datePublished":"2023-11-07T14:37:33+00:00","dateModified":"2023-11-28T13:09:51+00:00","breadcrumb":{"@id":"https:\/\/dianasocaciu.com\/ro\/operator-holistic-terapeut\/reiki\/#breadcrumb"},"inLanguage":"ro-RO","potentialAction":[{"@type":"ReadAction","target":["https:\/\/dianasocaciu.com\/ro\/operator-holistic-terapeut\/reiki\/"]}]},{"@type":"BreadcrumbList","@id":"https:\/\/dianasocaciu.com\/ro\/operator-holistic-terapeut\/reiki\/#breadcrumb","itemListElement":[{"@type":"ListItem","position":1,"name":"Home","item":"https:\/\/dianasocaciu.com\/ro\/home\/"},{"@type":"ListItem","position":2,"name":"OPERATOR HOLISTIC TERAPEUT","item":"https:\/\/dianasocaciu.com\/ro\/operator-holistic-terapeut\/"},{"@type":"ListItem","position":3,"name":"REIKI"}]},{"@type":"WebSite","@id":"https:\/\/dianasocaciu.com\/ro\/#website","url":"https:\/\/dianasocaciu.com\/ro\/","name":"Costellazioni Familiari \u2022 Coaching \u2022 Trattamenti Olistici","description":"Costellazioni Familiari \u2022 Coaching \u2022 Trattamenti Olistici","potentialAction":[{"@type":"SearchAction","target":{"@type":"EntryPoint","urlTemplate":"https:\/\/dianasocaciu.com\/ro\/?s={search_term_string}"},"query-input":{"@type":"PropertyValueSpecification","valueRequired":true,"valueName":"search_term_string"}}],"inLanguage":"ro-RO"}]}},"_links":{"self":[{"href":"https:\/\/dianasocaciu.com\/ro\/wp-json\/wp\/v2\/pages\/701","targetHints":{"allow":["GET"]}}],"collection":[{"href":"https:\/\/dianasocaciu.com\/ro\/wp-json\/wp\/v2\/pages"}],"about":[{"href":"https:\/\/dianasocaciu.com\/ro\/wp-json\/wp\/v2\/types\/page"}],"author":[{"embeddable":true,"href":"https:\/\/dianasocaciu.com\/ro\/wp-json\/wp\/v2\/users\/1"}],"replies":[{"embeddable":true,"href":"https:\/\/dianasocaciu.com\/ro\/wp-json\/wp\/v2\/comments?post=701"}],"version-history":[{"count":16,"href":"https:\/\/dianasocaciu.com\/ro\/wp-json\/wp\/v2\/pages\/701\/revisions"}],"predecessor-version":[{"id":1130,"href":"https:\/\/dianasocaciu.com\/ro\/wp-json\/wp\/v2\/pages\/701\/revisions\/1130"}],"up":[{"embeddable":true,"href":"https:\/\/dianasocaciu.com\/ro\/wp-json\/wp\/v2\/pages\/673"}],"wp:attachment":[{"href":"https:\/\/dianasocaciu.com\/ro\/wp-json\/wp\/v2\/media?parent=701"}],"curies":[{"name":"wp","href":"https:\/\/api.w.org\/{rel}","templated":true}]}}